{"id":4190,"date":"2019-10-03T21:10:33","date_gmt":"2019-10-03T21:10:33","guid":{"rendered":"https:\/\/cotainspires.ca\/?page_id=4190"},"modified":"2022-11-18T12:49:02","modified_gmt":"2022-11-18T17:49:02","slug":"disclaimer-terms-of-use","status":"publish","type":"page","link":"https:\/\/cotainspires.ca\/fr\/disclaimer-terms-of-use\/","title":{"rendered":"Clause de non-responsabilit\u00e9 et conditions d'utilisation"},"content":{"rendered":"\t\t<div data-elementor-type=\"wp-page\" data-elementor-id=\"4190\" class=\"elementor elementor-4190\" data-elementor-post-type=\"page\">\n\t\t\t\t\t\t<section class=\"elementor-section elementor-top-section elementor-element elementor-element-113f306 elementor-section-height-min-height elementor-section-boxed elementor-section-height-default elementor-section-items-middle\" data-id=\"113f306\" data-element_type=\"section\" data-e-type=\"section\" data-settings=\"{&quot;background_background&quot;:&quot;classic&quot;,&quot;background_motion_fx_motion_fx_scrolling&quot;:&quot;yes&quot;,&quot;background_motion_fx_devices&quot;:[&quot;desktop&quot;,&quot;tablet&quot;,&quot;mobile&quot;]}\">\n\t\t\t\t\t\t<div class=\"elementor-container elementor-column-gap-default\">\n\t\t\t\t\t<div class=\"elementor-column elementor-col-100 elementor-top-column elementor-element elementor-element-7098ed5c\" data-id=\"7098ed5c\" data-element_type=\"column\" data-e-type=\"column\" id=\"main-content-Cota\">\n\t\t\t<div class=\"elementor-widget-wrap elementor-element-populated\">\n\t\t\t\t\t\t<section class=\"elementor-section elementor-inner-section elementor-element elementor-element-5fc44b90 elementor-reverse-mobile elementor-section-boxed elementor-section-height-default elementor-section-height-default\" data-id=\"5fc44b90\" data-element_type=\"section\" data-e-type=\"section\" data-settings=\"{&quot;background_background&quot;:&quot;classic&quot;}\">\n\t\t\t\t\t\t<div class=\"elementor-container elementor-column-gap-default\">\n\t\t\t\t\t<div class=\"elementor-column elementor-col-100 elementor-inner-column elementor-element elementor-element-3c52226\" data-id=\"3c52226\" data-element_type=\"column\" data-e-type=\"column\" data-settings=\"{&quot;background_background&quot;:&quot;classic&quot;}\">\n\t\t\t<div class=\"elementor-widget-wrap elementor-element-populated\">\n\t\t\t\t\t\t<div class=\"elementor-element elementor-element-6cad154e elementor-widget elementor-widget-heading\" data-id=\"6cad154e\" data-element_type=\"widget\" data-e-type=\"widget\" data-settings=\"{&quot;_animation&quot;:&quot;none&quot;,&quot;_animation_mobile&quot;:&quot;none&quot;}\" data-widget_type=\"heading.default\">\n\t\t\t\t<div class=\"elementor-widget-container\">\n\t\t\t\t\t<h1 class=\"elementor-heading-title elementor-size-default\">Disclaimer &amp; Terms of Use<\/h1>\t\t\t\t<\/div>\n\t\t\t\t<\/div>\n\t\t\t\t\t<\/div>\n\t\t<\/div>\n\t\t\t\t\t<\/div>\n\t\t<\/section>\n\t\t\t\t<section class=\"elementor-section elementor-inner-section elementor-element elementor-element-606bc1f0 elementor-section-boxed elementor-section-height-default elementor-section-height-default\" data-id=\"606bc1f0\" data-element_type=\"section\" data-e-type=\"section\" data-settings=\"{&quot;background_background&quot;:&quot;classic&quot;}\">\n\t\t\t\t\t\t<div class=\"elementor-container elementor-column-gap-default\">\n\t\t\t\t\t<div class=\"elementor-column elementor-col-100 elementor-inner-column elementor-element elementor-element-1362492\" data-id=\"1362492\" data-element_type=\"column\" data-e-type=\"column\">\n\t\t\t<div class=\"elementor-widget-wrap elementor-element-populated\">\n\t\t\t\t\t\t<div class=\"elementor-element elementor-element-8bdcf24 elementor-widget elementor-widget-heading\" data-id=\"8bdcf24\" data-element_type=\"widget\" data-e-type=\"widget\" data-settings=\"{&quot;_animation&quot;:&quot;none&quot;,&quot;_animation_tablet&quot;:&quot;none&quot;}\" data-widget_type=\"heading.default\">\n\t\t\t\t<div class=\"elementor-widget-container\">\n\t\t\t\t\t<h2 class=\"elementor-heading-title elementor-size-default\">Disclaimer<\/h2>\t\t\t\t<\/div>\n\t\t\t\t<\/div>\n\t\t\t\t<div class=\"elementor-element elementor-element-100ce07 elementor-widget elementor-widget-text-editor\" data-id=\"100ce07\" data-element_type=\"widget\" data-e-type=\"widget\" data-widget_type=\"text-editor.default\">\n\t\t\t\t<div class=\"elementor-widget-container\">\n\t\t\t\t\t\t\t\t\t<p>The material on this website is provided by COTA Health (Cota) for educational and informational purposes only. It is not intended to provide specific medical or legal advice for any individual and should not be relied upon in that regard. While every effort has been made to ensure the accuracy and veracity of the information on this website, Cota is not responsible in any way for damages arising out of the use of this website. Cota reserves the right to discontinue, change or modify this website at any time without notice.<\/p><p>Any links Cota provides to other third-party websites are provided for convenience and information only. Cota does not guarantee or warrant the quality, accuracy, completeness, timeliness, or appropriateness of the information contained within linked web sites and expressly disclaims any liability associated with such sites and\/or their products or services.<\/p>\t\t\t\t\t\t\t\t<\/div>\n\t\t\t\t<\/div>\n\t\t\t\t\t<\/div>\n\t\t<\/div>\n\t\t\t\t\t<\/div>\n\t\t<\/section>\n\t\t\t\t<section class=\"elementor-section elementor-inner-section elementor-element elementor-element-3a3dbf3 elementor-section-boxed elementor-section-height-default elementor-section-height-default\" data-id=\"3a3dbf3\" data-element_type=\"section\" data-e-type=\"section\" data-settings=\"{&quot;background_background&quot;:&quot;classic&quot;}\">\n\t\t\t\t\t\t<div class=\"elementor-container elementor-column-gap-default\">\n\t\t\t\t\t<div class=\"elementor-column elementor-col-100 elementor-inner-column elementor-element elementor-element-9822563\" data-id=\"9822563\" data-element_type=\"column\" data-e-type=\"column\">\n\t\t\t<div class=\"elementor-widget-wrap elementor-element-populated\">\n\t\t\t\t\t\t<div class=\"elementor-element elementor-element-a756dac elementor-widget elementor-widget-heading\" data-id=\"a756dac\" data-element_type=\"widget\" data-e-type=\"widget\" data-settings=\"{&quot;_animation&quot;:&quot;none&quot;,&quot;_animation_tablet&quot;:&quot;none&quot;}\" data-widget_type=\"heading.default\">\n\t\t\t\t<div class=\"elementor-widget-container\">\n\t\t\t\t\t<h2 class=\"elementor-heading-title elementor-size-default\">Terms of Use<\/h2>\t\t\t\t<\/div>\n\t\t\t\t<\/div>\n\t\t\t\t<div class=\"elementor-element elementor-element-ea91119 elementor-widget elementor-widget-text-editor\" data-id=\"ea91119\" data-element_type=\"widget\" data-e-type=\"widget\" data-widget_type=\"text-editor.default\">\n\t\t\t\t<div class=\"elementor-widget-container\">\n\t\t\t\t\t\t\t\t\t<p>Your use of this website is offered to you by Cota, conditioned on your continued acceptance, without modification of the terms, conditions and notices contained herein (&#8220;Terms of Use&#8221;). Cota may at any time revise the Terms of Use, without notice, by updating this posting.<\/p><p>The information provided through this website is for informational purposes only and is not intended to be a substitute for professional medical advice, assessment and evaluation. You agree that you must evaluate, and bear all risks associated with the use of any such information, including any reliance on the availability, accuracy, completeness, usefulness or appropriateness of such information. This includes third party content that is made available on, or otherwise accessible through, the website by Cota.<\/p><p>This website (excluding linked sites) is controlled by Cota from its offices within the Province of Ontario, Canada. By accessing this website, you and Cota agree that all matters relating to your access to, or use of, this website shall be governed by the statutes and laws of the Province of Ontario. You assume full responsibility for any damages from your use of this website and you agree not to make a claim against Cota relating to your use of this website.<\/p><p>Cota is committed to protecting the privacy of those who use our website:<\/p><ul><li>We do not systematically collect any information about the identity of individuals searching our website.<\/li><li>We do collect statistical information through a log file indicating which pages were visited and how frequently; this data is analyzed to help us understand the information needs of visitors to our website.<\/li><li>If an individual offers his\/her name to a list or information request, Cota will retain the contact information they have provided in order to provide the information requested.<\/li><li>Cota will not disclose, give, or sell any personal information about visitors to our website.<\/li><li>Cota is not responsible for the content or the privacy policies of the websites to which it provides links.<\/li><li>Any unprotected email communication is subject to possible interception and may be subject to third party alteration. Cota assumes no liability for loss relating to breach of confidentiality or resulting from unauthorized access by third parties to electronic files.<\/li><\/ul>\t\t\t\t\t\t\t\t<\/div>\n\t\t\t\t<\/div>\n\t\t\t\t\t<\/div>\n\t\t<\/div>\n\t\t\t\t\t<\/div>\n\t\t<\/section>\n\t\t\t\t<section class=\"elementor-section elementor-inner-section elementor-element elementor-element-d77355c elementor-section-full_width elementor-hidden-mobile elementor-section-height-default elementor-section-height-default\" data-id=\"d77355c\" data-element_type=\"section\" data-e-type=\"section\" data-settings=\"{&quot;background_background&quot;:&quot;classic&quot;,&quot;shape_divider_bottom&quot;:&quot;triangle-asymmetrical&quot;,&quot;shape_divider_bottom_negative&quot;:&quot;yes&quot;}\">\n\t\t\t\t\t<div class=\"elementor-shape elementor-shape-bottom\" aria-hidden=\"true\" data-negative=\"true\">\n\t\t\t<svg xmlns=\"http:\/\/www.w3.org\/2000\/svg\" viewBox=\"0 0 1000 100\" preserveAspectRatio=\"none\">\n\t<path class=\"elementor-shape-fill\" d=\"M737.9,94.7L0,0v100h1000V0L737.9,94.7z\"\/>\n<\/svg>\t\t<\/div>\n\t\t\t\t\t<div class=\"elementor-container elementor-column-gap-default\">\n\t\t\t\t\t<div class=\"elementor-column elementor-col-100 elementor-inner-column elementor-element elementor-element-82b27b3\" data-id=\"82b27b3\" data-element_type=\"column\" data-e-type=\"column\">\n\t\t\t<div class=\"elementor-widget-wrap elementor-element-populated\">\n\t\t\t\t\t\t<div class=\"elementor-element elementor-element-023c40a elementor-widget elementor-widget-spacer\" data-id=\"023c40a\" data-element_type=\"widget\" data-e-type=\"widget\" data-widget_type=\"spacer.default\">\n\t\t\t\t<div class=\"elementor-widget-container\">\n\t\t\t\t\t\t\t<div class=\"elementor-spacer\">\n\t\t\t<div class=\"elementor-spacer-inner\"><\/div>\n\t\t<\/div>\n\t\t\t\t\t\t<\/div>\n\t\t\t\t<\/div>\n\t\t\t\t\t<\/div>\n\t\t<\/div>\n\t\t\t\t\t<\/div>\n\t\t<\/section>\n\t\t\t\t\t<\/div>\n\t\t<\/div>\n\t\t\t\t\t<\/div>\n\t\t<\/section>\n\t\t\t\t<\/div>\n\t\t","protected":false},"excerpt":{"rendered":"<p>Disclaimer &amp; Terms of Use Disclaimer The material on this website is provided by COTA Health (Cota) for educational and informational purposes only. It is not intended to provide specific medical or legal advice for any individual and should not be relied upon in that regard. While every effort has been made to ensure the [&hellip;]<\/p>\n","protected":false},"author":11,"featured_media":0,"parent":0,"menu_order":0,"comment_status":"closed","ping_status":"closed","template":"elementor_header_footer","meta":{"_monsterinsights_skip_tracking":false,"_monsterinsights_sitenote_active":false,"_monsterinsights_sitenote_note":"","_monsterinsights_sitenote_category":0,"footnotes":""},"class_list":["post-4190","page","type-page","status-publish","hentry"],"yoast_head":"<!-- This site is optimized with the Yoast SEO plugin v27.4 - https:\/\/yoast.com\/product\/yoast-seo-wordpress\/ -->\n<title>cotainspires.ca &#8212; Disclaimer &amp; Terms of Use<\/title>\n<meta name=\"description\" content=\"Disclaimer &amp; Terms of Use: the material on this website is provided by COTA Health (Cota) for educational and informational purposes only...\" \/>\n<meta name=\"robots\" content=\"index, follow, max-snippet:-1, max-image-preview:large, max-video-preview:-1\" \/>\n<link rel=\"canonical\" href=\"https:\/\/staging.cotainspires.ca\/disclaimer-terms-of-use\/\" \/>\n<meta property=\"og:locale\" content=\"fr_CA\" \/>\n<meta property=\"og:type\" content=\"article\" \/>\n<meta property=\"og:title\" content=\"cotainspires.ca &#8212; Disclaimer &amp; Terms of Use\" \/>\n<meta property=\"og:description\" content=\"Disclaimer &amp; Terms of Use: the material on this website is provided by COTA Health (Cota) for educational and informational purposes only...\" \/>\n<meta property=\"og:url\" content=\"https:\/\/staging.cotainspires.ca\/disclaimer-terms-of-use\/\" \/>\n<meta property=\"og:site_name\" content=\"cotainspires.ca\" \/>\n<meta property=\"article:modified_time\" content=\"2022-11-18T17:49:02+00:00\" \/>\n<meta name=\"twitter:card\" content=\"summary_large_image\" \/>\n<meta name=\"twitter:site\" content=\"@CotaInspires\" \/>\n<meta name=\"twitter:label1\" content=\"Estimation du temps de lecture\" \/>\n\t<meta name=\"twitter:data1\" content=\"3 minutes\" \/>\n<script type=\"application\/ld+json\" class=\"yoast-schema-graph\">{\"@context\":\"https:\\\/\\\/schema.org\",\"@graph\":[{\"@type\":\"WebPage\",\"@id\":\"https:\\\/\\\/staging.cotainspires.ca\\\/disclaimer-terms-of-use\\\/\",\"url\":\"https:\\\/\\\/staging.cotainspires.ca\\\/disclaimer-terms-of-use\\\/\",\"name\":\"cotainspires.ca &#8212; Disclaimer & Terms of Use\",\"isPartOf\":{\"@id\":\"https:\\\/\\\/staging.cotainspires.ca\\\/#website\"},\"datePublished\":\"2019-10-03T21:10:33+00:00\",\"dateModified\":\"2022-11-18T17:49:02+00:00\",\"description\":\"Disclaimer & Terms of Use: the material on this website is provided by COTA Health (Cota) for educational and informational purposes only...\",\"breadcrumb\":{\"@id\":\"https:\\\/\\\/staging.cotainspires.ca\\\/disclaimer-terms-of-use\\\/#breadcrumb\"},\"inLanguage\":\"fr-CA\",\"potentialAction\":[{\"@type\":\"ReadAction\",\"target\":[\"https:\\\/\\\/staging.cotainspires.ca\\\/disclaimer-terms-of-use\\\/\"]}]},{\"@type\":\"BreadcrumbList\",\"@id\":\"https:\\\/\\\/staging.cotainspires.ca\\\/disclaimer-terms-of-use\\\/#breadcrumb\",\"itemListElement\":[{\"@type\":\"ListItem\",\"position\":1,\"name\":\"Home\",\"item\":\"https:\\\/\\\/cotainspires.ca\\\/\"},{\"@type\":\"ListItem\",\"position\":2,\"name\":\"Disclaimer &#038; Terms of Use\"}]},{\"@type\":\"WebSite\",\"@id\":\"https:\\\/\\\/staging.cotainspires.ca\\\/#website\",\"url\":\"https:\\\/\\\/staging.cotainspires.ca\\\/\",\"name\":\"cotainspires.ca\",\"description\":\"Inspiring Change\",\"publisher\":{\"@id\":\"https:\\\/\\\/staging.cotainspires.ca\\\/#organization\"},\"potentialAction\":[{\"@type\":\"SearchAction\",\"target\":{\"@type\":\"EntryPoint\",\"urlTemplate\":\"https:\\\/\\\/staging.cotainspires.ca\\\/?s={search_term_string}\"},\"query-input\":{\"@type\":\"PropertyValueSpecification\",\"valueRequired\":true,\"valueName\":\"search_term_string\"}}],\"inLanguage\":\"fr-CA\"},{\"@type\":\"Organization\",\"@id\":\"https:\\\/\\\/staging.cotainspires.ca\\\/#organization\",\"name\":\"Cota\",\"url\":\"https:\\\/\\\/staging.cotainspires.ca\\\/\",\"logo\":{\"@type\":\"ImageObject\",\"inLanguage\":\"fr-CA\",\"@id\":\"https:\\\/\\\/staging.cotainspires.ca\\\/#\\\/schema\\\/logo\\\/image\\\/\",\"url\":\"https:\\\/\\\/cotainspires.ca\\\/wp-content\\\/uploads\\\/2019\\\/06\\\/COTA_Vertical_C_with-tag.png\",\"contentUrl\":\"https:\\\/\\\/cotainspires.ca\\\/wp-content\\\/uploads\\\/2019\\\/06\\\/COTA_Vertical_C_with-tag.png\",\"width\":706,\"height\":580,\"caption\":\"Cota\"},\"image\":{\"@id\":\"https:\\\/\\\/staging.cotainspires.ca\\\/#\\\/schema\\\/logo\\\/image\\\/\"},\"sameAs\":[\"https:\\\/\\\/x.com\\\/CotaInspires\",\"https:\\\/\\\/www.instagram.com\\\/cotainspires\\\/\",\"https:\\\/\\\/www.linkedin.com\\\/company\\\/cota-health?originalSubdomain=ca\",\"https:\\\/\\\/www.youtube.com\\\/channel\\\/UCdcVTXYelD_oWEPls9799jQ\"]}]}<\/script>\n<!-- \/ Yoast SEO plugin. -->","yoast_head_json":{"title":"cotainspires.ca - Avis de non-responsabilit\u00e9 et conditions d'utilisation","description":"Clause de non-responsabilit\u00e9 et conditions d'utilisation : le contenu de ce site web est fourni par COTA Health (Cota) \u00e0 des fins \u00e9ducatives et informatives uniquement...","robots":{"index":"index","follow":"follow","max-snippet":"max-snippet:-1","max-image-preview":"max-image-preview:large","max-video-preview":"max-video-preview:-1"},"canonical":"https:\/\/staging.cotainspires.ca\/disclaimer-terms-of-use\/","og_locale":"fr_CA","og_type":"article","og_title":"cotainspires.ca &#8212; Disclaimer & Terms of Use","og_description":"Disclaimer & Terms of Use: the material on this website is provided by COTA Health (Cota) for educational and informational purposes only...","og_url":"https:\/\/staging.cotainspires.ca\/disclaimer-terms-of-use\/","og_site_name":"cotainspires.ca","article_modified_time":"2022-11-18T17:49:02+00:00","twitter_card":"summary_large_image","twitter_site":"@CotaInspires","twitter_misc":{"Estimation du temps de lecture":"3 minutes"},"schema":{"@context":"https:\/\/schema.org","@graph":[{"@type":"WebPage","@id":"https:\/\/staging.cotainspires.ca\/disclaimer-terms-of-use\/","url":"https:\/\/staging.cotainspires.ca\/disclaimer-terms-of-use\/","name":"cotainspires.ca - Avis de non-responsabilit\u00e9 et conditions d'utilisation","isPartOf":{"@id":"https:\/\/staging.cotainspires.ca\/#website"},"datePublished":"2019-10-03T21:10:33+00:00","dateModified":"2022-11-18T17:49:02+00:00","description":"Clause de non-responsabilit\u00e9 et conditions d'utilisation : le contenu de ce site web est fourni par COTA Health (Cota) \u00e0 des fins \u00e9ducatives et informatives uniquement...","breadcrumb":{"@id":"https:\/\/staging.cotainspires.ca\/disclaimer-terms-of-use\/#breadcrumb"},"inLanguage":"fr-CA","potentialAction":[{"@type":"ReadAction","target":["https:\/\/staging.cotainspires.ca\/disclaimer-terms-of-use\/"]}]},{"@type":"BreadcrumbList","@id":"https:\/\/staging.cotainspires.ca\/disclaimer-terms-of-use\/#breadcrumb","itemListElement":[{"@type":"ListItem","position":1,"name":"Home","item":"https:\/\/cotainspires.ca\/"},{"@type":"ListItem","position":2,"name":"Disclaimer &#038; Terms of Use"}]},{"@type":"WebSite","@id":"https:\/\/staging.cotainspires.ca\/#website","url":"https:\/\/staging.cotainspires.ca\/","name":"cotainspires.ca","description":"Inspirer le changement","publisher":{"@id":"https:\/\/staging.cotainspires.ca\/#organization"},"potentialAction":[{"@type":"SearchAction","target":{"@type":"EntryPoint","urlTemplate":"https:\/\/staging.cotainspires.ca\/?s={search_term_string}"},"query-input":{"@type":"PropertyValueSpecification","valueRequired":true,"valueName":"search_term_string"}}],"inLanguage":"fr-CA"},{"@type":"Organization","@id":"https:\/\/staging.cotainspires.ca\/#organization","name":"Cota","url":"https:\/\/staging.cotainspires.ca\/","logo":{"@type":"ImageObject","inLanguage":"fr-CA","@id":"https:\/\/staging.cotainspires.ca\/#\/schema\/logo\/image\/","url":"https:\/\/cotainspires.ca\/wp-content\/uploads\/2019\/06\/COTA_Vertical_C_with-tag.png","contentUrl":"https:\/\/cotainspires.ca\/wp-content\/uploads\/2019\/06\/COTA_Vertical_C_with-tag.png","width":706,"height":580,"caption":"Cota"},"image":{"@id":"https:\/\/staging.cotainspires.ca\/#\/schema\/logo\/image\/"},"sameAs":["https:\/\/x.com\/CotaInspires","https:\/\/www.instagram.com\/cotainspires\/","https:\/\/www.linkedin.com\/company\/cota-health?originalSubdomain=ca","https:\/\/www.youtube.com\/channel\/UCdcVTXYelD_oWEPls9799jQ"]}]}},"_links":{"self":[{"href":"https:\/\/cotainspires.ca\/fr\/wp-json\/wp\/v2\/pages\/4190","targetHints":{"allow":["GET"]}}],"collection":[{"href":"https:\/\/cotainspires.ca\/fr\/wp-json\/wp\/v2\/pages"}],"about":[{"href":"https:\/\/cotainspires.ca\/fr\/wp-json\/wp\/v2\/types\/page"}],"author":[{"embeddable":true,"href":"https:\/\/cotainspires.ca\/fr\/wp-json\/wp\/v2\/users\/11"}],"replies":[{"embeddable":true,"href":"https:\/\/cotainspires.ca\/fr\/wp-json\/wp\/v2\/comments?post=4190"}],"version-history":[{"count":37,"href":"https:\/\/cotainspires.ca\/fr\/wp-json\/wp\/v2\/pages\/4190\/revisions"}],"predecessor-version":[{"id":10306,"href":"https:\/\/cotainspires.ca\/fr\/wp-json\/wp\/v2\/pages\/4190\/revisions\/10306"}],"wp:attachment":[{"href":"https:\/\/cotainspires.ca\/fr\/wp-json\/wp\/v2\/media?parent=4190"}],"curies":[{"name":"wp","href":"https:\/\/api.w.org\/{rel}","templated":true}]}}