{"id":4850,"date":"2020-01-03T21:02:55","date_gmt":"2020-01-03T21:02:55","guid":{"rendered":"https:\/\/cotainspires.ca\/?page_id=4850"},"modified":"2023-12-11T13:19:33","modified_gmt":"2023-12-11T18:19:33","slug":"accessibility-aoda","status":"publish","type":"page","link":"https:\/\/cotainspires.ca\/fr\/accessibility-aoda\/","title":{"rendered":"D\u00e9claration d'accessibilit\u00e9 (AODA)"},"content":{"rendered":"\t\t<div data-elementor-type=\"wp-page\" data-elementor-id=\"4850\" class=\"elementor elementor-4850\" data-elementor-post-type=\"page\">\n\t\t\t\t\t\t<section class=\"elementor-section elementor-top-section elementor-element elementor-element-6fc8cad2 elementor-section-height-min-height elementor-section-boxed elementor-section-height-default elementor-section-items-middle\" data-id=\"6fc8cad2\" data-element_type=\"section\" data-e-type=\"section\" data-settings=\"{&quot;background_background&quot;:&quot;classic&quot;,&quot;background_motion_fx_motion_fx_scrolling&quot;:&quot;yes&quot;,&quot;background_motion_fx_devices&quot;:[&quot;desktop&quot;,&quot;tablet&quot;,&quot;mobile&quot;]}\">\n\t\t\t\t\t\t<div class=\"elementor-container elementor-column-gap-default\">\n\t\t\t\t\t<div class=\"elementor-column elementor-col-100 elementor-top-column elementor-element elementor-element-4f029739\" data-id=\"4f029739\" data-element_type=\"column\" data-e-type=\"column\" id=\"main-content-Cota\">\n\t\t\t<div class=\"elementor-widget-wrap elementor-element-populated\">\n\t\t\t\t\t\t<section class=\"elementor-section elementor-inner-section elementor-element elementor-element-6a924f31 elementor-reverse-mobile elementor-section-boxed elementor-section-height-default elementor-section-height-default\" data-id=\"6a924f31\" data-element_type=\"section\" data-e-type=\"section\" data-settings=\"{&quot;background_background&quot;:&quot;classic&quot;}\">\n\t\t\t\t\t\t<div class=\"elementor-container elementor-column-gap-default\">\n\t\t\t\t\t<div class=\"elementor-column elementor-col-100 elementor-inner-column elementor-element elementor-element-7b485da7\" data-id=\"7b485da7\" data-element_type=\"column\" data-e-type=\"column\" data-settings=\"{&quot;background_background&quot;:&quot;classic&quot;}\">\n\t\t\t<div class=\"elementor-widget-wrap elementor-element-populated\">\n\t\t\t\t\t\t<div class=\"elementor-element elementor-element-2fd18b36 elementor-widget elementor-widget-heading\" data-id=\"2fd18b36\" data-element_type=\"widget\" data-e-type=\"widget\" data-settings=\"{&quot;_animation&quot;:&quot;none&quot;}\" data-widget_type=\"heading.default\">\n\t\t\t\t<div class=\"elementor-widget-container\">\n\t\t\t\t\t<h1 class=\"elementor-heading-title elementor-size-default\">Accessibility Statement for\u00a0Cota<\/h1>\t\t\t\t<\/div>\n\t\t\t\t<\/div>\n\t\t\t\t<div class=\"elementor-element elementor-element-3be4a3b elementor-widget elementor-widget-text-editor\" data-id=\"3be4a3b\" data-element_type=\"widget\" data-e-type=\"widget\" data-widget_type=\"text-editor.default\">\n\t\t\t\t<div class=\"elementor-widget-container\">\n\t\t\t\t\t\t\t\t\t<p>Cota is committed to creating an environment that is accessible to all persons and that treats all members of the community with respect and dignity. As such, and in keeping with the standards of the Accessibility for Ontarians with Disabilities Act, 2005 (AODA) and the Ontario Human Rights Code, Cota will strive to continuously improve the accessibility of services and meet the needs of individuals with disabilities. Cota will do this by working to eliminate or reduce barriers, including physical, environmental, attitudinal, communication, technological, and systemic that may prevent the full participation of persons with disabilities in Cota\u2019s services and supports. Everyone has a role in creating an equitable and inclusive environment, as well as in the accommodation process and the identification, removal, and\/or reduction of accessibility barriers.<\/p><p>Cota is committed to meeting its current and ongoing obligations under the Ontario Human Rights Code respecting non-discrimination.\u00a0 Cota understands that obligations under the Accessibility for Ontarians with Disabilities Act, 2005 (AODA) and its accessibility standards do not substitute or limit its obligations under the Ontario Human Rights Code or obligations to people with disabilities under any other law.<\/p><p>Cota is committed to excellence in serving and providing goods, services or facilities to all customers including people with disabilities.\u00a0 Our accessible customer service policies are consistent with the principles of independence, dignity, integration and equality of opportunity for people with disabilities.<\/p>\t\t\t\t\t\t\t\t<\/div>\n\t\t\t\t<\/div>\n\t\t\t\t<div class=\"elementor-element elementor-element-a82478c elementor-widget elementor-widget-heading\" data-id=\"a82478c\" data-element_type=\"widget\" data-e-type=\"widget\" data-widget_type=\"heading.default\">\n\t\t\t\t<div class=\"elementor-widget-container\">\n\t\t\t\t\t<h2 class=\"elementor-heading-title elementor-size-default\">Feedback &amp; Requesting Accessible Communication<\/h2>\t\t\t\t<\/div>\n\t\t\t\t<\/div>\n\t\t\t\t<div class=\"elementor-element elementor-element-bde68fd elementor-widget elementor-widget-text-editor\" data-id=\"bde68fd\" data-element_type=\"widget\" data-e-type=\"widget\" data-widget_type=\"text-editor.default\">\n\t\t\t\t<div class=\"elementor-widget-container\">\n\t\t\t\t\t\t\t\t\t<p>We welcome any request for accessible communication formats and feedback on accessibility at Cota.\u00a0\u00a0\u00a0<\/p><p>Requests and feedback can be made through the contact below:\u00a0<\/p><ul><li>Phone: 416-785-9230\u00a0<\/li><li>E-mail: <strong><a href=\"mailto:feedback@cotainspires.ca\">feedback@cotainspires.ca<\/a>\u00a0<\/strong><\/li><li>Select the <strong><a href=\"https:\/\/cotainspires.ca\/compliments-comments-and-complaints\/\">Feedback <\/a><\/strong>Button in the menu navigation to fill out the &#8220;Compliments, Comments &amp; Complaints&#8221; form.\u00a0<\/li><\/ul>\t\t\t\t\t\t\t\t<\/div>\n\t\t\t\t<\/div>\n\t\t\t\t<div class=\"elementor-element elementor-element-5c424df elementor-list-item-link-full_width elementor-widget elementor-widget-icon-list\" data-id=\"5c424df\" data-element_type=\"widget\" data-e-type=\"widget\" data-widget_type=\"icon-list.default\">\n\t\t\t\t<div class=\"elementor-widget-container\">\n\t\t\t\t\t\t\t<ul class=\"elementor-icon-list-items\">\n\t\t\t\t\t\t\t<li class=\"elementor-icon-list-item\">\n\t\t\t\t\t\t\t\t\t\t\t<a href=\"https:\/\/cotainspires.ca\/wp-content\/uploads\/2023\/12\/Cota-AODA-Accessibility-Plan-2023-2026.pdf\" target=\"_blank\">\n\n\t\t\t\t\t\t\t\t\t\t\t\t<span class=\"elementor-icon-list-icon\">\n\t\t\t\t\t\t\t<svg aria-hidden=\"true\" class=\"e-font-icon-svg e-fas-file-alt\" viewBox=\"0 0 384 512\" xmlns=\"http:\/\/www.w3.org\/2000\/svg\"><path d=\"M224 136V0H24C10.7 0 0 10.7 0 24v464c0 13.3 10.7 24 24 24h336c13.3 0 24-10.7 24-24V160H248c-13.2 0-24-10.8-24-24zm64 236c0 6.6-5.4 12-12 12H108c-6.6 0-12-5.4-12-12v-8c0-6.6 5.4-12 12-12h168c6.6 0 12 5.4 12 12v8zm0-64c0 6.6-5.4 12-12 12H108c-6.6 0-12-5.4-12-12v-8c0-6.6 5.4-12 12-12h168c6.6 0 12 5.4 12 12v8zm0-72v8c0 6.6-5.4 12-12 12H108c-6.6 0-12-5.4-12-12v-8c0-6.6 5.4-12 12-12h168c6.6 0 12 5.4 12 12zm96-114.1v6.1H256V0h6.1c6.4 0 12.5 2.5 17 7l97.9 98c4.5 4.5 7 10.6 7 16.9z\"><\/path><\/svg>\t\t\t\t\t\t<\/span>\n\t\t\t\t\t\t\t\t\t\t<span class=\"elementor-icon-list-text\">Cota's Accessibility Plan 2023-2026<\/span>\n\t\t\t\t\t\t\t\t\t\t\t<\/a>\n\t\t\t\t\t\t\t\t\t<\/li>\n\t\t\t\t\t\t\t\t<li class=\"elementor-icon-list-item\">\n\t\t\t\t\t\t\t\t\t\t\t<a href=\"https:\/\/cotainspires.ca\/wp-content\/uploads\/2023\/12\/Accessibility_for_Ontarians_with_Disabilities_Act_Compliance_Policy_AODA_A-4-310.pdf\" target=\"_blank\">\n\n\t\t\t\t\t\t\t\t\t\t\t\t<span class=\"elementor-icon-list-icon\">\n\t\t\t\t\t\t\t<svg aria-hidden=\"true\" class=\"e-font-icon-svg e-fas-file-alt\" viewBox=\"0 0 384 512\" xmlns=\"http:\/\/www.w3.org\/2000\/svg\"><path d=\"M224 136V0H24C10.7 0 0 10.7 0 24v464c0 13.3 10.7 24 24 24h336c13.3 0 24-10.7 24-24V160H248c-13.2 0-24-10.8-24-24zm64 236c0 6.6-5.4 12-12 12H108c-6.6 0-12-5.4-12-12v-8c0-6.6 5.4-12 12-12h168c6.6 0 12 5.4 12 12v8zm0-64c0 6.6-5.4 12-12 12H108c-6.6 0-12-5.4-12-12v-8c0-6.6 5.4-12 12-12h168c6.6 0 12 5.4 12 12v8zm0-72v8c0 6.6-5.4 12-12 12H108c-6.6 0-12-5.4-12-12v-8c0-6.6 5.4-12 12-12h168c6.6 0 12 5.4 12 12zm96-114.1v6.1H256V0h6.1c6.4 0 12.5 2.5 17 7l97.9 98c4.5 4.5 7 10.6 7 16.9z\"><\/path><\/svg>\t\t\t\t\t\t<\/span>\n\t\t\t\t\t\t\t\t\t\t<span class=\"elementor-icon-list-text\">Cota's Accessibility Policy<\/span>\n\t\t\t\t\t\t\t\t\t\t\t<\/a>\n\t\t\t\t\t\t\t\t\t<\/li>\n\t\t\t\t\t\t\t\t<li class=\"elementor-icon-list-item\">\n\t\t\t\t\t\t\t\t\t\t\t<a href=\"https:\/\/cotainspires.ca\/wp-content\/uploads\/2023\/12\/2023-Accessibility-Compliance-Report-ACR-95433.pdf\" target=\"_blank\">\n\n\t\t\t\t\t\t\t\t\t\t\t\t<span class=\"elementor-icon-list-icon\">\n\t\t\t\t\t\t\t<svg aria-hidden=\"true\" class=\"e-font-icon-svg e-fas-file-alt\" viewBox=\"0 0 384 512\" xmlns=\"http:\/\/www.w3.org\/2000\/svg\"><path d=\"M224 136V0H24C10.7 0 0 10.7 0 24v464c0 13.3 10.7 24 24 24h336c13.3 0 24-10.7 24-24V160H248c-13.2 0-24-10.8-24-24zm64 236c0 6.6-5.4 12-12 12H108c-6.6 0-12-5.4-12-12v-8c0-6.6 5.4-12 12-12h168c6.6 0 12 5.4 12 12v8zm0-64c0 6.6-5.4 12-12 12H108c-6.6 0-12-5.4-12-12v-8c0-6.6 5.4-12 12-12h168c6.6 0 12 5.4 12 12v8zm0-72v8c0 6.6-5.4 12-12 12H108c-6.6 0-12-5.4-12-12v-8c0-6.6 5.4-12 12-12h168c6.6 0 12 5.4 12 12zm96-114.1v6.1H256V0h6.1c6.4 0 12.5 2.5 17 7l97.9 98c4.5 4.5 7 10.6 7 16.9z\"><\/path><\/svg>\t\t\t\t\t\t<\/span>\n\t\t\t\t\t\t\t\t\t\t<span class=\"elementor-icon-list-text\">2023 Accessibility Compliance Report<\/span>\n\t\t\t\t\t\t\t\t\t\t\t<\/a>\n\t\t\t\t\t\t\t\t\t<\/li>\n\t\t\t\t\t\t<\/ul>\n\t\t\t\t\t\t<\/div>\n\t\t\t\t<\/div>\n\t\t\t\t\t<\/div>\n\t\t<\/div>\n\t\t\t\t\t<\/div>\n\t\t<\/section>\n\t\t\t\t<section class=\"elementor-section elementor-inner-section elementor-element elementor-element-3c313615 elementor-section-boxed elementor-section-height-default elementor-section-height-default\" data-id=\"3c313615\" data-element_type=\"section\" data-e-type=\"section\" data-settings=\"{&quot;background_background&quot;:&quot;classic&quot;,&quot;shape_divider_bottom_negative&quot;:&quot;yes&quot;,&quot;shape_divider_bottom&quot;:&quot;triangle-asymmetrical&quot;}\">\n\t\t\t\t\t<div class=\"elementor-shape elementor-shape-bottom\" aria-hidden=\"true\" data-negative=\"true\">\n\t\t\t<svg xmlns=\"http:\/\/www.w3.org\/2000\/svg\" viewBox=\"0 0 1000 100\" preserveAspectRatio=\"none\">\n\t<path class=\"elementor-shape-fill\" d=\"M737.9,94.7L0,0v100h1000V0L737.9,94.7z\"\/>\n<\/svg>\t\t<\/div>\n\t\t\t\t\t<div class=\"elementor-container elementor-column-gap-default\">\n\t\t\t\t\t<div class=\"elementor-column elementor-col-100 elementor-inner-column elementor-element elementor-element-1ec886f9\" data-id=\"1ec886f9\" data-element_type=\"column\" data-e-type=\"column\">\n\t\t\t<div class=\"elementor-widget-wrap elementor-element-populated\">\n\t\t\t\t\t\t<div class=\"elementor-element elementor-element-a0c1929 elementor-widget elementor-widget-spacer\" data-id=\"a0c1929\" data-element_type=\"widget\" data-e-type=\"widget\" data-widget_type=\"spacer.default\">\n\t\t\t\t<div class=\"elementor-widget-container\">\n\t\t\t\t\t\t\t<div class=\"elementor-spacer\">\n\t\t\t<div class=\"elementor-spacer-inner\"><\/div>\n\t\t<\/div>\n\t\t\t\t\t\t<\/div>\n\t\t\t\t<\/div>\n\t\t\t\t\t<\/div>\n\t\t<\/div>\n\t\t\t\t\t<\/div>\n\t\t<\/section>\n\t\t\t\t\t<\/div>\n\t\t<\/div>\n\t\t\t\t\t<\/div>\n\t\t<\/section>\n\t\t\t\t<\/div>\n\t\t","protected":false},"excerpt":{"rendered":"<p>Accessibility Statement for\u00a0Cota Cota is committed to creating an environment that is accessible to all persons and that treats all members of the community with respect and dignity. As such, and in keeping with the standards of the Accessibility for Ontarians with Disabilities Act, 2005 (AODA) and the Ontario Human Rights Code, Cota will strive [&hellip;]<\/p>\n","protected":false},"author":11,"featured_media":0,"parent":0,"menu_order":0,"comment_status":"closed","ping_status":"closed","template":"elementor_header_footer","meta":{"_monsterinsights_skip_tracking":false,"_monsterinsights_sitenote_active":false,"_monsterinsights_sitenote_note":"","_monsterinsights_sitenote_category":0,"footnotes":""},"class_list":["post-4850","page","type-page","status-publish","hentry"],"yoast_head":"<!-- This site is optimized with the Yoast SEO plugin v27.4 - https:\/\/yoast.com\/product\/yoast-seo-wordpress\/ -->\n<title>cotainspires.ca &#8212; Accessibility Statement (AODA)<\/title>\n<meta name=\"description\" content=\"COTA HEALTH (Cota) is committed to ensuring digital accessibility for people with disabilities. We are continually improving the user experience...\" \/>\n<meta name=\"robots\" content=\"index, follow, max-snippet:-1, max-image-preview:large, max-video-preview:-1\" \/>\n<link rel=\"canonical\" href=\"https:\/\/cotainspires.ca\/fr\/accessibility-aoda\/\" \/>\n<meta property=\"og:locale\" content=\"fr_CA\" \/>\n<meta property=\"og:type\" content=\"article\" \/>\n<meta property=\"og:title\" content=\"cotainspires.ca &#8212; Accessibility Statement (AODA)\" \/>\n<meta property=\"og:description\" content=\"COTA HEALTH (Cota) is committed to ensuring digital accessibility for people with disabilities. We are continually improving the user experience...\" \/>\n<meta property=\"og:url\" content=\"https:\/\/cotainspires.ca\/fr\/accessibility-aoda\/\" \/>\n<meta property=\"og:site_name\" content=\"cotainspires.ca\" \/>\n<meta property=\"article:modified_time\" content=\"2023-12-11T18:19:33+00:00\" \/>\n<meta name=\"twitter:card\" content=\"summary_large_image\" \/>\n<meta name=\"twitter:site\" content=\"@CotaInspires\" \/>\n<meta name=\"twitter:label1\" content=\"Estimation du temps de lecture\" \/>\n\t<meta name=\"twitter:data1\" content=\"2 minutes\" \/>\n<script type=\"application\/ld+json\" class=\"yoast-schema-graph\">{\"@context\":\"https:\\\/\\\/schema.org\",\"@graph\":[{\"@type\":\"WebPage\",\"@id\":\"https:\\\/\\\/cotainspires.ca\\\/accessibility-aoda\\\/\",\"url\":\"https:\\\/\\\/cotainspires.ca\\\/accessibility-aoda\\\/\",\"name\":\"cotainspires.ca &#8212; Accessibility Statement (AODA)\",\"isPartOf\":{\"@id\":\"https:\\\/\\\/staging.cotainspires.ca\\\/#website\"},\"datePublished\":\"2020-01-03T21:02:55+00:00\",\"dateModified\":\"2023-12-11T18:19:33+00:00\",\"description\":\"COTA HEALTH (Cota) is committed to ensuring digital accessibility for people with disabilities. We are continually improving the user experience...\",\"breadcrumb\":{\"@id\":\"https:\\\/\\\/cotainspires.ca\\\/accessibility-aoda\\\/#breadcrumb\"},\"inLanguage\":\"fr-CA\",\"potentialAction\":[{\"@type\":\"ReadAction\",\"target\":[\"https:\\\/\\\/cotainspires.ca\\\/accessibility-aoda\\\/\"]}]},{\"@type\":\"BreadcrumbList\",\"@id\":\"https:\\\/\\\/cotainspires.ca\\\/accessibility-aoda\\\/#breadcrumb\",\"itemListElement\":[{\"@type\":\"ListItem\",\"position\":1,\"name\":\"Home\",\"item\":\"https:\\\/\\\/cotainspires.ca\\\/\"},{\"@type\":\"ListItem\",\"position\":2,\"name\":\"Accessibility Statement (AODA)\"}]},{\"@type\":\"WebSite\",\"@id\":\"https:\\\/\\\/staging.cotainspires.ca\\\/#website\",\"url\":\"https:\\\/\\\/staging.cotainspires.ca\\\/\",\"name\":\"cotainspires.ca\",\"description\":\"Inspiring Change\",\"publisher\":{\"@id\":\"https:\\\/\\\/staging.cotainspires.ca\\\/#organization\"},\"potentialAction\":[{\"@type\":\"SearchAction\",\"target\":{\"@type\":\"EntryPoint\",\"urlTemplate\":\"https:\\\/\\\/staging.cotainspires.ca\\\/?s={search_term_string}\"},\"query-input\":{\"@type\":\"PropertyValueSpecification\",\"valueRequired\":true,\"valueName\":\"search_term_string\"}}],\"inLanguage\":\"fr-CA\"},{\"@type\":\"Organization\",\"@id\":\"https:\\\/\\\/staging.cotainspires.ca\\\/#organization\",\"name\":\"Cota\",\"url\":\"https:\\\/\\\/staging.cotainspires.ca\\\/\",\"logo\":{\"@type\":\"ImageObject\",\"inLanguage\":\"fr-CA\",\"@id\":\"https:\\\/\\\/staging.cotainspires.ca\\\/#\\\/schema\\\/logo\\\/image\\\/\",\"url\":\"https:\\\/\\\/cotainspires.ca\\\/wp-content\\\/uploads\\\/2019\\\/06\\\/COTA_Vertical_C_with-tag.png\",\"contentUrl\":\"https:\\\/\\\/cotainspires.ca\\\/wp-content\\\/uploads\\\/2019\\\/06\\\/COTA_Vertical_C_with-tag.png\",\"width\":706,\"height\":580,\"caption\":\"Cota\"},\"image\":{\"@id\":\"https:\\\/\\\/staging.cotainspires.ca\\\/#\\\/schema\\\/logo\\\/image\\\/\"},\"sameAs\":[\"https:\\\/\\\/x.com\\\/CotaInspires\",\"https:\\\/\\\/www.instagram.com\\\/cotainspires\\\/\",\"https:\\\/\\\/www.linkedin.com\\\/company\\\/cota-health?originalSubdomain=ca\",\"https:\\\/\\\/www.youtube.com\\\/channel\\\/UCdcVTXYelD_oWEPls9799jQ\"]}]}<\/script>\n<!-- \/ Yoast SEO plugin. -->","yoast_head_json":{"title":"cotainspires.ca - D\u00e9claration d'accessibilit\u00e9 (LAPHO)","description":"COTA HEALTH (Cota) s'engage \u00e0 garantir l'accessibilit\u00e9 num\u00e9rique aux personnes handicap\u00e9es. Nous am\u00e9liorons continuellement l'exp\u00e9rience des utilisateurs...","robots":{"index":"index","follow":"follow","max-snippet":"max-snippet:-1","max-image-preview":"max-image-preview:large","max-video-preview":"max-video-preview:-1"},"canonical":"https:\/\/cotainspires.ca\/fr\/accessibility-aoda\/","og_locale":"fr_CA","og_type":"article","og_title":"cotainspires.ca &#8212; Accessibility Statement (AODA)","og_description":"COTA HEALTH (Cota) is committed to ensuring digital accessibility for people with disabilities. We are continually improving the user experience...","og_url":"https:\/\/cotainspires.ca\/fr\/accessibility-aoda\/","og_site_name":"cotainspires.ca","article_modified_time":"2023-12-11T18:19:33+00:00","twitter_card":"summary_large_image","twitter_site":"@CotaInspires","twitter_misc":{"Estimation du temps de lecture":"2 minutes"},"schema":{"@context":"https:\/\/schema.org","@graph":[{"@type":"WebPage","@id":"https:\/\/cotainspires.ca\/accessibility-aoda\/","url":"https:\/\/cotainspires.ca\/accessibility-aoda\/","name":"cotainspires.ca - D\u00e9claration d'accessibilit\u00e9 (LAPHO)","isPartOf":{"@id":"https:\/\/staging.cotainspires.ca\/#website"},"datePublished":"2020-01-03T21:02:55+00:00","dateModified":"2023-12-11T18:19:33+00:00","description":"COTA HEALTH (Cota) s'engage \u00e0 garantir l'accessibilit\u00e9 num\u00e9rique aux personnes handicap\u00e9es. Nous am\u00e9liorons continuellement l'exp\u00e9rience des utilisateurs...","breadcrumb":{"@id":"https:\/\/cotainspires.ca\/accessibility-aoda\/#breadcrumb"},"inLanguage":"fr-CA","potentialAction":[{"@type":"ReadAction","target":["https:\/\/cotainspires.ca\/accessibility-aoda\/"]}]},{"@type":"BreadcrumbList","@id":"https:\/\/cotainspires.ca\/accessibility-aoda\/#breadcrumb","itemListElement":[{"@type":"ListItem","position":1,"name":"Home","item":"https:\/\/cotainspires.ca\/"},{"@type":"ListItem","position":2,"name":"Accessibility Statement (AODA)"}]},{"@type":"WebSite","@id":"https:\/\/staging.cotainspires.ca\/#website","url":"https:\/\/staging.cotainspires.ca\/","name":"cotainspires.ca","description":"Inspirer le changement","publisher":{"@id":"https:\/\/staging.cotainspires.ca\/#organization"},"potentialAction":[{"@type":"SearchAction","target":{"@type":"EntryPoint","urlTemplate":"https:\/\/staging.cotainspires.ca\/?s={search_term_string}"},"query-input":{"@type":"PropertyValueSpecification","valueRequired":true,"valueName":"search_term_string"}}],"inLanguage":"fr-CA"},{"@type":"Organization","@id":"https:\/\/staging.cotainspires.ca\/#organization","name":"Cota","url":"https:\/\/staging.cotainspires.ca\/","logo":{"@type":"ImageObject","inLanguage":"fr-CA","@id":"https:\/\/staging.cotainspires.ca\/#\/schema\/logo\/image\/","url":"https:\/\/cotainspires.ca\/wp-content\/uploads\/2019\/06\/COTA_Vertical_C_with-tag.png","contentUrl":"https:\/\/cotainspires.ca\/wp-content\/uploads\/2019\/06\/COTA_Vertical_C_with-tag.png","width":706,"height":580,"caption":"Cota"},"image":{"@id":"https:\/\/staging.cotainspires.ca\/#\/schema\/logo\/image\/"},"sameAs":["https:\/\/x.com\/CotaInspires","https:\/\/www.instagram.com\/cotainspires\/","https:\/\/www.linkedin.com\/company\/cota-health?originalSubdomain=ca","https:\/\/www.youtube.com\/channel\/UCdcVTXYelD_oWEPls9799jQ"]}]}},"_links":{"self":[{"href":"https:\/\/cotainspires.ca\/fr\/wp-json\/wp\/v2\/pages\/4850","targetHints":{"allow":["GET"]}}],"collection":[{"href":"https:\/\/cotainspires.ca\/fr\/wp-json\/wp\/v2\/pages"}],"about":[{"href":"https:\/\/cotainspires.ca\/fr\/wp-json\/wp\/v2\/types\/page"}],"author":[{"embeddable":true,"href":"https:\/\/cotainspires.ca\/fr\/wp-json\/wp\/v2\/users\/11"}],"replies":[{"embeddable":true,"href":"https:\/\/cotainspires.ca\/fr\/wp-json\/wp\/v2\/comments?post=4850"}],"version-history":[{"count":61,"href":"https:\/\/cotainspires.ca\/fr\/wp-json\/wp\/v2\/pages\/4850\/revisions"}],"predecessor-version":[{"id":10787,"href":"https:\/\/cotainspires.ca\/fr\/wp-json\/wp\/v2\/pages\/4850\/revisions\/10787"}],"wp:attachment":[{"href":"https:\/\/cotainspires.ca\/fr\/wp-json\/wp\/v2\/media?parent=4850"}],"curies":[{"name":"wp","href":"https:\/\/api.w.org\/{rel}","templated":true}]}}